{"id":66,"date":"2026-05-16T07:08:17","date_gmt":"2026-05-16T07:08:17","guid":{"rendered":"https:\/\/servauto.fr\/index.php\/colibri-wp\/"},"modified":"2026-05-16T08:10:29","modified_gmt":"2026-05-16T08:10:29","slug":"colibri-wp","status":"publish","type":"page","link":"https:\/\/servauto.fr\/","title":{"rendered":"Front Page"},"content":{"rendered":"<div data-colibri-id=\"66-c1\" class=\"style-193 style-local-66-c1 position-relative\">\n  <!---->\n  <div data-colibri-component=\"section\" data-colibri-id=\"66-c2\" id=\"blog\" class=\"h-section h-section-global-spacing d-flex align-items-lg-center align-items-md-center align-items-center style-263 style-local-66-c2 position-relative\">\n    <!---->\n    <!---->\n    <div class=\"h-section-grid-container h-section-boxed-container\">\n      <div data-colibri-id=\"66-c16\" class=\"h-row-container gutters-row-lg-2 gutters-row-md-2 gutters-row-2 gutters-row-v-lg-2 gutters-row-v-md-2 gutters-row-v-2 style-277 style-local-66-c16 position-relative\">\n        <!---->\n        <div class=\"h-row justify-content-lg-center justify-content-md-center justify-content-center align-items-lg-stretch align-items-md-stretch align-items-stretch gutters-col-lg-2 gutters-col-md-2 gutters-col-2 gutters-col-v-lg-2 gutters-col-v-md-2 gutters-col-v-2\">\n          <!---->\n          <div class=\"h-column h-column-container d-flex h-col-lg-auto h-col-md-auto h-col-auto style-278-outer style-local-66-c17-outer\">\n            <div data-colibri-id=\"66-c17\" class=\"d-flex h-flex-basis h-column__inner h-px-lg-2 h-px-md-2 h-px-2 v-inner-lg-2 v-inner-md-2 v-inner-2 style-278 style-local-66-c17 position-relative\">\n              <!---->\n              <!---->\n              <div class=\"w-100 h-y-container h-column__content h-column__v-align flex-basis-100 align-self-lg-start align-self-md-start align-self-start\">\n                <!---->\n                <div data-colibri-id=\"66-c18\" class=\"h-global-transition-all h-heading style-279 style-local-66-c18 position-relative h-element\">\n                  <!---->\n                  <div class=\"h-heading__outer style-279 style-local-66-c18\">\n                    <!---->\n                    <!---->\n                    <h2 class=\"\">Les derni\u00e8res infos<\/h2>\n                  <\/div>\n                <\/div>\n                <div data-colibri-id=\"66-c19\" class=\"h-lead h-text h-text-component style-280 style-local-66-c19 position-relative h-element\">\n                  <!---->\n                  <!---->\n                  <div class=\"\">\n                    <p>Retrouvez ci-dessous les derni\u00e8res infos du garage, les voitures \u00e0 vendre&#8230;<\/p>\n                  <\/div>\n                <\/div>\n              <\/div>\n            <\/div>\n          <\/div>\n        <\/div>\n      <\/div>\n      <div data-colibri-id=\"66-c3\" class=\"h-row-container gutters-row-lg-0 gutters-row-md-0 gutters-row-0 gutters-row-v-lg-0 gutters-row-v-md-0 gutters-row-v-0 style-264 style-local-66-c3 position-relative\">\n        <!---->\n        <div class=\"h-row justify-content-lg-center justify-content-md-center justify-content-center align-items-lg-stretch align-items-md-stretch align-items-stretch gutters-col-lg-0 gutters-col-md-0 gutters-col-0 gutters-col-v-lg-0 gutters-col-v-md-0 gutters-col-v-0\">\n          <!---->\n          <div class=\"h-column h-column-container d-flex h-col-lg-auto h-col-md-auto h-col-auto style-265-outer style-local-66-c4-outer\">\n            <div data-colibri-id=\"66-c4\" class=\"d-flex h-flex-basis h-column__inner h-px-lg-0 h-px-md-0 h-px-0 v-inner-lg-0 v-inner-md-0 v-inner-0 style-265 style-local-66-c4 position-relative\">\n              <!---->\n              <!---->\n              <div class=\"w-100 h-y-container h-column__content h-column__v-align flex-basis-100 align-self-lg-start align-self-md-start align-self-start\">\n                <!---->\n                <div data-colibri-id=\"66-c5\" class=\"h-row-container gutters-row-lg-2 gutters-row-md-2 gutters-row-2 gutters-row-v-lg-2 gutters-row-v-md-2 gutters-row-v-2 colibri-dynamic-list style-266 style-local-66-c5 position-relative\">\n                  <!---->\n                  <div data-colibri-component=\"\" class=\"h-row justify-content-lg-start justify-content-md-start justify-content-start align-items-lg-stretch align-items-md-stretch align-items-stretch gutters-col-lg-2 gutters-col-md-2 gutters-col-2 gutters-col-v-lg-2 gutters-col-v-md-2 gutters-col-v-2 style-266-row style-local-66-c5-row\">\n                    <!---->\n        <div class=\"h-column h-column-container d-flex h-col-lg-4 h-col-md-6 h-col-12 post-151 post type-post status-publish format-standard has-post-thumbnail hentry category-informations masonry-item style-267-outer style-local-66-c6-outer\"><div data-colibri-id=\"66-c6\" class=\"d-flex h-flex-basis h-column__inner h-px-lg-2 h-px-md-2 h-px-2 v-inner-lg-2 v-inner-md-2 v-inner-2 style-267 style-local-66-c6 position-relative\"> <div class=\"w-100 h-y-container h-column__content h-column__v-align flex-basis-100 align-self-lg-start align-self-md-start align-self-start\"> <div data-href=\"https:\/\/servauto.fr\/index.php\/2026\/05\/16\/alerte-aux-rongeurs\/\" data-colibri-component=\"link\" data-colibri-id=\"66-c7\" class=\"colibri-post-thumbnail colibri-post-has-thumbnail colibri-post-thumbnail-has-placeholder style-268 style-local-66-c7 h-overflow-hidden position-relative h-element\"><div class=\"h-global-transition-all colibri-post-thumbnail-shortcode style-dynamic-66-c7-height\">            <a href=\"https:\/\/servauto.fr\/index.php\/2026\/05\/16\/alerte-aux-rongeurs\/\" title=\"Alerte aux rongeurs!\">\n\t\t\t\t<img loading=\"lazy\" decoding=\"async\" width=\"1080\" height=\"1350\" src=\"https:\/\/servauto.fr\/wp-content\/uploads\/2026\/05\/Alerte-rongeurs.png\" class=\"attachment-post-thumbnail size-post-thumbnail wp-post-image\" alt=\"\" srcset=\"https:\/\/servauto.fr\/wp-content\/uploads\/2026\/05\/Alerte-rongeurs.png 1080w, https:\/\/servauto.fr\/wp-content\/uploads\/2026\/05\/Alerte-rongeurs-240x300.png 240w, https:\/\/servauto.fr\/wp-content\/uploads\/2026\/05\/Alerte-rongeurs-819x1024.png 819w, https:\/\/servauto.fr\/wp-content\/uploads\/2026\/05\/Alerte-rongeurs-768x960.png 768w\" sizes=\"auto, (max-width: 1080px) 100vw, 1080px\" \/>            <\/a>\n\t\t\t<\/div> <div class=\"colibri-post-thumbnail-content align-items-lg-center align-items-md-center align-items-center flex-basis-100\"><div class=\"w-100 h-y-container\"> <\/div><\/div><\/div><div data-colibri-id=\"66-c8\" class=\"h-row-container gutters-row-lg-0 gutters-row-md-0 gutters-row-2 gutters-row-v-lg-0 gutters-row-v-md-0 gutters-row-v-0 style-269 style-local-66-c8 position-relative\"><div class=\"h-row justify-content-lg-center justify-content-md-center justify-content-center align-items-lg-stretch align-items-md-stretch align-items-stretch gutters-col-lg-0 gutters-col-md-0 gutters-col-2 gutters-col-v-lg-0 gutters-col-v-md-0 gutters-col-v-0\"> <div class=\"h-column h-column-container d-flex h-col-lg h-col-md h-col-auto style-270-outer style-local-66-c9-outer\"><div data-colibri-id=\"66-c9\" class=\"d-flex h-flex-basis h-column__inner h-px-lg-0 h-px-md-0 h-px-0 v-inner-lg-2 v-inner-md-2 v-inner-2 style-270 style-local-66-c9 position-relative\"> <div class=\"w-100 h-y-container h-column__content h-column__v-align flex-basis-100 align-self-lg-start align-self-md-start align-self-start\"> <div data-colibri-id=\"66-c10\" class=\"h-blog-categories style-271 style-local-66-c10 position-relative h-element\"><div class=\"h-global-transition-all\"><a class=\"d-inline-block colibri-post-category\" href=\"https:\/\/servauto.fr\/index.php\/category\/informations\/\">Informations<\/a><\/div><\/div><div data-colibri-id=\"66-c11\" class=\"h-blog-title style-272 style-local-66-c11 position-relative h-element\"><div class=\"h-global-transition-all\"><a href=\"https:\/\/servauto.fr\/index.php\/2026\/05\/16\/alerte-aux-rongeurs\/\"><h4 class=\"colibri-word-wrap\">Alerte aux rongeurs!<\/h4><\/a><\/div><\/div><div data-colibri-id=\"66-c12\" class=\"h-blog-meta style-273 style-local-66-c12 position-relative h-element\"><div class=\"metadata-item\"><span class=\"metadata-prefix\">by<\/span> <a href=\"https:\/\/servauto.fr\/index.php\/author\/admin3467\/\">admin3467<\/a> <span class=\"meta-separator\"><\/span><\/div><div class=\"metadata-item\"><span class=\"metadata-prefix\">on<\/span> <a href=\"https:\/\/servauto.fr\/index.php\/2026\/05\/16\/\">Mai 16<\/a><\/div><\/div><div data-colibri-id=\"66-c13\" class=\"style-274 style-local-66-c13 position-relative h-element\"><div class=\"h-global-transition-all\"><div class=\"colibri-post-excerpt\">Attention aux rongeurs sous votre capot ! Vous avez d\u00e9j\u00e0 eu une panne \u201cmyst\u00e8re\u201d ? Des voyants qui s\u2019allument sans [&hellip;]<\/div><\/div><\/div><div data-colibri-id=\"66-c14\" class=\"h-x-container style-275 style-local-66-c14 position-relative h-element\"><div class=\"h-x-container-inner style-dynamic-66-c14-group\"><span class=\"h-button__outer style-276-outer style-local-66-c15-outer d-inline-flex h-element\"><a href=\"https:\/\/servauto.fr\/index.php\/2026\/05\/16\/alerte-aux-rongeurs\/\" data-colibri-id=\"66-c15\" class=\"d-flex w-100 align-items-center h-button justify-content-lg-center justify-content-md-center justify-content-center style-276 style-local-66-c15 position-relative\"> <span>Read more<\/span> <span class=\"h-svg-icon h-button__icon style-276-icon style-local-66-c15-icon\"><svg version=\"1.1\" xmlns=\"http:\/\/www.w3.org\/2000\/svg\" xmlns:xlink=\"http:\/\/www.w3.org\/1999\/xlink\" id=\"arrow-right\" viewBox=\"0 0 512 545.5\"><path d=\"M299.5 140.5l136 136 11 11.5-11 11.5-136 136-23-23L385 304H64v-32h321L276.5 163.5z\"><\/path><\/svg><\/span><\/a><\/span><\/div><\/div><\/div><\/div><\/div><\/div><\/div><\/div><\/div><\/div>\n      \n      \n        <div class=\"h-column h-column-container d-flex h-col-lg-4 h-col-md-6 h-col-12 post-57 post type-post status-publish format-standard has-post-thumbnail hentry category-a-vendre masonry-item style-267-outer style-local-66-c6-outer\"><div data-colibri-id=\"66-c6\" class=\"d-flex h-flex-basis h-column__inner h-px-lg-2 h-px-md-2 h-px-2 v-inner-lg-2 v-inner-md-2 v-inner-2 style-267 style-local-66-c6 position-relative\"> <div class=\"w-100 h-y-container h-column__content h-column__v-align flex-basis-100 align-self-lg-start align-self-md-start align-self-start\"> <div data-href=\"https:\/\/servauto.fr\/index.php\/2026\/05\/15\/a-vendre-fiat-bravo\/\" data-colibri-component=\"link\" data-colibri-id=\"66-c7\" class=\"colibri-post-thumbnail colibri-post-has-thumbnail colibri-post-thumbnail-has-placeholder style-268 style-local-66-c7 h-overflow-hidden position-relative h-element\"><div class=\"h-global-transition-all colibri-post-thumbnail-shortcode style-dynamic-66-c7-height\">            <a href=\"https:\/\/servauto.fr\/index.php\/2026\/05\/15\/a-vendre-fiat-bravo\/\" title=\"A VENDRE: FIAT BRAVO\">\n\t\t\t\t<img loading=\"lazy\" decoding=\"async\" width=\"360\" height=\"480\" src=\"https:\/\/servauto.fr\/wp-content\/uploads\/2026\/05\/IMG_7375.jpeg\" class=\"attachment-post-thumbnail size-post-thumbnail wp-post-image\" alt=\"\" srcset=\"https:\/\/servauto.fr\/wp-content\/uploads\/2026\/05\/IMG_7375.jpeg 360w, https:\/\/servauto.fr\/wp-content\/uploads\/2026\/05\/IMG_7375-225x300.jpeg 225w\" sizes=\"auto, (max-width: 360px) 100vw, 360px\" \/>            <\/a>\n\t\t\t<\/div> <div class=\"colibri-post-thumbnail-content align-items-lg-center align-items-md-center align-items-center flex-basis-100\"><div class=\"w-100 h-y-container\"> <\/div><\/div><\/div><div data-colibri-id=\"66-c8\" class=\"h-row-container gutters-row-lg-0 gutters-row-md-0 gutters-row-2 gutters-row-v-lg-0 gutters-row-v-md-0 gutters-row-v-0 style-269 style-local-66-c8 position-relative\"><div class=\"h-row justify-content-lg-center justify-content-md-center justify-content-center align-items-lg-stretch align-items-md-stretch align-items-stretch gutters-col-lg-0 gutters-col-md-0 gutters-col-2 gutters-col-v-lg-0 gutters-col-v-md-0 gutters-col-v-0\"> <div class=\"h-column h-column-container d-flex h-col-lg h-col-md h-col-auto style-270-outer style-local-66-c9-outer\"><div data-colibri-id=\"66-c9\" class=\"d-flex h-flex-basis h-column__inner h-px-lg-0 h-px-md-0 h-px-0 v-inner-lg-2 v-inner-md-2 v-inner-2 style-270 style-local-66-c9 position-relative\"> <div class=\"w-100 h-y-container h-column__content h-column__v-align flex-basis-100 align-self-lg-start align-self-md-start align-self-start\"> <div data-colibri-id=\"66-c10\" class=\"h-blog-categories style-271 style-local-66-c10 position-relative h-element\"><div class=\"h-global-transition-all\"><a class=\"d-inline-block colibri-post-category\" href=\"https:\/\/servauto.fr\/index.php\/category\/a-vendre\/\">A vendre<\/a><\/div><\/div><div data-colibri-id=\"66-c11\" class=\"h-blog-title style-272 style-local-66-c11 position-relative h-element\"><div class=\"h-global-transition-all\"><a href=\"https:\/\/servauto.fr\/index.php\/2026\/05\/15\/a-vendre-fiat-bravo\/\"><h4 class=\"colibri-word-wrap\">A VENDRE: FIAT BRAVO<\/h4><\/a><\/div><\/div><div data-colibri-id=\"66-c12\" class=\"h-blog-meta style-273 style-local-66-c12 position-relative h-element\"><div class=\"metadata-item\"><span class=\"metadata-prefix\">by<\/span> <a href=\"https:\/\/servauto.fr\/index.php\/author\/admin3467\/\">admin3467<\/a> <span class=\"meta-separator\"><\/span><\/div><div class=\"metadata-item\"><span class=\"metadata-prefix\">on<\/span> <a href=\"https:\/\/servauto.fr\/index.php\/2026\/05\/15\/\">Mai 15<\/a><\/div><\/div><div data-colibri-id=\"66-c13\" class=\"style-274 style-local-66-c13 position-relative h-element\"><div class=\"h-global-transition-all\"><div class=\"colibri-post-excerpt\">Vous cherchez une jolie berline diesel spacieuse, avec du coffre, bien \u00e9quip\u00e9e et propre \u00e0 petit budget, cette voiture est [&hellip;]<\/div><\/div><\/div><div data-colibri-id=\"66-c14\" class=\"h-x-container style-275 style-local-66-c14 position-relative h-element\"><div class=\"h-x-container-inner style-dynamic-66-c14-group\"><span class=\"h-button__outer style-276-outer style-local-66-c15-outer d-inline-flex h-element\"><a href=\"https:\/\/servauto.fr\/index.php\/2026\/05\/15\/a-vendre-fiat-bravo\/\" data-colibri-id=\"66-c15\" class=\"d-flex w-100 align-items-center h-button justify-content-lg-center justify-content-md-center justify-content-center style-276 style-local-66-c15 position-relative\"> <span>Read more<\/span> <span class=\"h-svg-icon h-button__icon style-276-icon style-local-66-c15-icon\"><svg version=\"1.1\" xmlns=\"http:\/\/www.w3.org\/2000\/svg\" xmlns:xlink=\"http:\/\/www.w3.org\/1999\/xlink\" id=\"arrow-right\" viewBox=\"0 0 512 545.5\"><path d=\"M299.5 140.5l136 136 11 11.5-11 11.5-136 136-23-23L385 304H64v-32h321L276.5 163.5z\"><\/path><\/svg><\/span><\/a><\/span><\/div><\/div><\/div><\/div><\/div><\/div><\/div><\/div><\/div><\/div>\n      \n      \n        <div class=\"h-column h-column-container d-flex h-col-lg-4 h-col-md-6 h-col-12 post-1 post type-post status-publish format-standard has-post-thumbnail hentry category-informations masonry-item style-267-outer style-local-66-c6-outer\"><div data-colibri-id=\"66-c6\" class=\"d-flex h-flex-basis h-column__inner h-px-lg-2 h-px-md-2 h-px-2 v-inner-lg-2 v-inner-md-2 v-inner-2 style-267 style-local-66-c6 position-relative\"> <div class=\"w-100 h-y-container h-column__content h-column__v-align flex-basis-100 align-self-lg-start align-self-md-start align-self-start\"> <div data-href=\"https:\/\/servauto.fr\/index.php\/2026\/03\/28\/hello-world\/\" data-colibri-component=\"link\" data-colibri-id=\"66-c7\" class=\"colibri-post-thumbnail colibri-post-has-thumbnail colibri-post-thumbnail-has-placeholder style-268 style-local-66-c7 h-overflow-hidden position-relative h-element\"><div class=\"h-global-transition-all colibri-post-thumbnail-shortcode style-dynamic-66-c7-height\">            <a href=\"https:\/\/servauto.fr\/index.php\/2026\/03\/28\/hello-world\/\" title=\"Bienvenue au garage!\">\n\t\t\t\t<img loading=\"lazy\" decoding=\"async\" width=\"360\" height=\"480\" src=\"https:\/\/servauto.fr\/wp-content\/uploads\/2026\/03\/IMG_7188.jpeg\" class=\"attachment-post-thumbnail size-post-thumbnail wp-post-image\" alt=\"\" srcset=\"https:\/\/servauto.fr\/wp-content\/uploads\/2026\/03\/IMG_7188.jpeg 360w, https:\/\/servauto.fr\/wp-content\/uploads\/2026\/03\/IMG_7188-225x300.jpeg 225w\" sizes=\"auto, (max-width: 360px) 100vw, 360px\" \/>            <\/a>\n\t\t\t<\/div> <div class=\"colibri-post-thumbnail-content align-items-lg-center align-items-md-center align-items-center flex-basis-100\"><div class=\"w-100 h-y-container\"> <\/div><\/div><\/div><div data-colibri-id=\"66-c8\" class=\"h-row-container gutters-row-lg-0 gutters-row-md-0 gutters-row-2 gutters-row-v-lg-0 gutters-row-v-md-0 gutters-row-v-0 style-269 style-local-66-c8 position-relative\"><div class=\"h-row justify-content-lg-center justify-content-md-center justify-content-center align-items-lg-stretch align-items-md-stretch align-items-stretch gutters-col-lg-0 gutters-col-md-0 gutters-col-2 gutters-col-v-lg-0 gutters-col-v-md-0 gutters-col-v-0\"> <div class=\"h-column h-column-container d-flex h-col-lg h-col-md h-col-auto style-270-outer style-local-66-c9-outer\"><div data-colibri-id=\"66-c9\" class=\"d-flex h-flex-basis h-column__inner h-px-lg-0 h-px-md-0 h-px-0 v-inner-lg-2 v-inner-md-2 v-inner-2 style-270 style-local-66-c9 position-relative\"> <div class=\"w-100 h-y-container h-column__content h-column__v-align flex-basis-100 align-self-lg-start align-self-md-start align-self-start\"> <div data-colibri-id=\"66-c10\" class=\"h-blog-categories style-271 style-local-66-c10 position-relative h-element\"><div class=\"h-global-transition-all\"><a class=\"d-inline-block colibri-post-category\" href=\"https:\/\/servauto.fr\/index.php\/category\/informations\/\">Informations<\/a><\/div><\/div><div data-colibri-id=\"66-c11\" class=\"h-blog-title style-272 style-local-66-c11 position-relative h-element\"><div class=\"h-global-transition-all\"><a href=\"https:\/\/servauto.fr\/index.php\/2026\/03\/28\/hello-world\/\"><h4 class=\"colibri-word-wrap\">Bienvenue au garage!<\/h4><\/a><\/div><\/div><div data-colibri-id=\"66-c12\" class=\"h-blog-meta style-273 style-local-66-c12 position-relative h-element\"><div class=\"metadata-item\"><span class=\"metadata-prefix\">by<\/span> <a href=\"https:\/\/servauto.fr\/index.php\/author\/admin3467\/\">admin3467<\/a> <span class=\"meta-separator\"><\/span><\/div><div class=\"metadata-item\"><span class=\"metadata-prefix\">on<\/span> <a href=\"https:\/\/servauto.fr\/index.php\/2026\/03\/28\/\">Mar 28<\/a><\/div><\/div><div data-colibri-id=\"66-c13\" class=\"style-274 style-local-66-c13 position-relative h-element\"><div class=\"h-global-transition-all\"><div class=\"colibri-post-excerpt\">Repris par une nouvelle \u00e9quipe passionn\u00e9e, notre garage ouvre une nouvelle page plac\u00e9e sous le signe de l&rsquo;\u00e9coute, de la [&hellip;]<\/div><\/div><\/div><div data-colibri-id=\"66-c14\" class=\"h-x-container style-275 style-local-66-c14 position-relative h-element\"><div class=\"h-x-container-inner style-dynamic-66-c14-group\"><span class=\"h-button__outer style-276-outer style-local-66-c15-outer d-inline-flex h-element\"><a href=\"https:\/\/servauto.fr\/index.php\/2026\/03\/28\/hello-world\/\" data-colibri-id=\"66-c15\" class=\"d-flex w-100 align-items-center h-button justify-content-lg-center justify-content-md-center justify-content-center style-276 style-local-66-c15 position-relative\"> <span>Read more<\/span> <span class=\"h-svg-icon h-button__icon style-276-icon style-local-66-c15-icon\"><svg version=\"1.1\" xmlns=\"http:\/\/www.w3.org\/2000\/svg\" xmlns:xlink=\"http:\/\/www.w3.org\/1999\/xlink\" id=\"arrow-right\" viewBox=\"0 0 512 545.5\"><path d=\"M299.5 140.5l136 136 11 11.5-11 11.5-136 136-23-23L385 304H64v-32h321L276.5 163.5z\"><\/path><\/svg><\/span><\/a><\/span><\/div><\/div><\/div><\/div><\/div><\/div><\/div><\/div><\/div><\/div>\n      \n      \n                    <\/div>\n                <\/div>\n              <\/div>\n            <\/div>\n          <\/div>\n        <\/div>\n      <\/div>\n    <\/div>\n  <\/div>\n  <div data-colibri-component=\"section\" data-colibri-id=\"66-c34\" id=\"custom\" class=\"h-section h-section-global-spacing d-flex align-items-lg-center align-items-md-center align-items-center style-290 style-local-66-c34 position-relative\">\n    <!---->\n    <!---->\n    <div class=\"h-section-grid-container h-section-boxed-container\">\n      <!---->\n      <div data-colibri-id=\"66-c37\" class=\"h-row-container gutters-row-lg-2 gutters-row-md-2 gutters-row-0 gutters-row-v-lg-2 gutters-row-v-md-2 gutters-row-v-2 style-293 style-local-66-c37 position-relative\">\n        <!---->\n        <div class=\"h-row justify-content-lg-center justify-content-md-center justify-content-center align-items-lg-stretch align-items-md-stretch align-items-stretch gutters-col-lg-2 gutters-col-md-2 gutters-col-0 gutters-col-v-lg-2 gutters-col-v-md-2 gutters-col-v-2\">\n          <!---->\n          <div class=\"h-column h-column-container d-flex h-col-lg-auto h-col-md-auto h-col-auto style-294-outer style-local-66-c38-outer\">\n            <div data-colibri-id=\"66-c38\" class=\"d-flex h-flex-basis h-column__inner h-px-lg-2 h-px-md-2 h-px-2 v-inner-lg-2 v-inner-md-2 v-inner-2 style-294 style-local-66-c38 position-relative\">\n              <!---->\n              <!---->\n              <div class=\"w-100 h-y-container h-column__content h-column__v-align flex-basis-100 align-self-lg-start align-self-md-start align-self-start\">\n                <!---->\n                <div data-colibri-id=\"66-c40\" class=\"h-x-container style-296 style-local-66-c40 position-relative h-element\">\n                  <!---->\n                  <div class=\"h-x-container-inner style-dynamic-66-c40-group\">\n                    <!----><span class=\"h-button__outer style-297-outer style-local-66-c41-outer d-inline-flex h-element\"><a  h-use-smooth-scroll=\"true\" href=\"https:\/\/servauto.fr\/\"  data-colibri-id=\"66-c41\" class=\"d-flex w-100 align-items-center h-button justify-content-lg-center justify-content-md-center justify-content-center style-297 style-local-66-c41 position-relative\"><!----><!----> <span >Vos avis<\/span><\/a>\n                    <\/span>\n                  <\/div>\n                <\/div>\n              <\/div>\n            <\/div>\n          <\/div>\n        <\/div>\n      <\/div>\n      <div data-colibri-id=\"66-c35\" class=\"h-row-container gutters-row-lg-2 gutters-row-md-2 gutters-row-0 gutters-row-v-lg-2 gutters-row-v-md-2 gutters-row-v-2 style-291 style-local-66-c35 position-relative\">\n        <!---->\n        <div class=\"h-row justify-content-lg-center justify-content-md-center justify-content-center align-items-lg-stretch align-items-md-stretch align-items-stretch gutters-col-lg-2 gutters-col-md-2 gutters-col-0 gutters-col-v-lg-2 gutters-col-v-md-2 gutters-col-v-2\">\n          <!---->\n          <div class=\"h-column h-column-container d-flex h-col-lg-auto h-col-md-auto h-col-auto style-292-outer style-local-66-c36-outer\">\n            <div data-colibri-id=\"66-c36\" class=\"d-flex h-flex-basis h-column__inner h-ui-empty-state-container h-px-lg-2 h-px-md-2 h-px-2 v-inner-lg-2 v-inner-md-2 v-inner-2 style-292 style-local-66-c36 position-relative\">\n              <!---->\n              <!---->\n              <div class=\"w-100 h-y-container h-column__content h-column__v-align flex-basis-100\">\n                <!---->\n              <\/div>\n            <\/div>\n          <\/div>\n        <\/div>\n      <\/div>\n    <\/div>\n  <\/div>\n  <div data-colibri-component=\"section\" data-colibri-id=\"66-c42\" id=\"custom-2\" class=\"h-section h-section-global-spacing d-flex align-items-lg-center align-items-md-center align-items-center style-298 style-local-66-c42 position-relative\">\n    <!---->\n    <!---->\n    <div class=\"h-section-grid-container h-section-boxed-container\">\n      <!---->\n      <div data-colibri-id=\"66-c43\" class=\"h-row-container gutters-row-lg-2 gutters-row-md-2 gutters-row-0 gutters-row-v-lg-2 gutters-row-v-md-2 gutters-row-v-2 style-299 style-local-66-c43 position-relative\">\n        <!---->\n        <div class=\"h-row justify-content-lg-center justify-content-md-center justify-content-center align-items-lg-stretch align-items-md-stretch align-items-stretch gutters-col-lg-2 gutters-col-md-2 gutters-col-0 gutters-col-v-lg-2 gutters-col-v-md-2 gutters-col-v-2\">\n          <!---->\n          <div class=\"h-column h-column-container d-flex h-col-lg-auto h-col-md-auto h-col-auto style-300-outer style-local-66-c44-outer\">\n            <div data-colibri-id=\"66-c44\" class=\"d-flex h-flex-basis h-column__inner h-ui-empty-state-container h-px-lg-2 h-px-md-2 h-px-2 v-inner-lg-2 v-inner-md-2 v-inner-2 style-300 style-local-66-c44 position-relative\">\n              <!---->\n              <!---->\n              <div class=\"w-100 h-y-container h-column__content h-column__v-align flex-basis-100\">\n                <!---->\n              <\/div>\n            <\/div>\n          <\/div>\n          <div class=\"h-column h-column-container d-flex h-col-lg-auto h-col-md-auto h-col-auto style-301-outer style-local-66-c45-outer\">\n            <div data-colibri-id=\"66-c45\" class=\"d-flex h-flex-basis h-column__inner h-ui-empty-state-container h-px-lg-2 h-px-md-2 h-px-2 v-inner-lg-2 v-inner-md-2 v-inner-2 style-301 style-local-66-c45 position-relative\">\n              <!---->\n              <!---->\n              <div class=\"w-100 h-y-container h-column__content h-column__v-align flex-basis-100\">\n                <!---->\n              <\/div>\n            <\/div>\n          <\/div>\n        <\/div>\n      <\/div>\n    <\/div>\n  <\/div>\n<\/div>","protected":false},"excerpt":{"rendered":"<p>Les derni\u00e8res infos Retrouvez ci-dessous les derni\u00e8res infos du garage, les voitures \u00e0 vendre&#8230; Vos avis<\/p>\n","protected":false},"author":1,"featured_media":0,"parent":0,"menu_order":0,"comment_status":"closed","ping_status":"closed","template":"page-templates\/homepage.php","meta":{"_glsr_average":0,"_glsr_ranking":0,"_glsr_reviews":0,"footnotes":""},"class_list":["post-66","page","type-page","status-publish","hentry"],"_links":{"self":[{"href":"https:\/\/servauto.fr\/index.php\/wp-json\/wp\/v2\/pages\/66","targetHints":{"allow":["GET"]}}],"collection":[{"href":"https:\/\/servauto.fr\/index.php\/wp-json\/wp\/v2\/pages"}],"about":[{"href":"https:\/\/servauto.fr\/index.php\/wp-json\/wp\/v2\/types\/page"}],"author":[{"embeddable":true,"href":"https:\/\/servauto.fr\/index.php\/wp-json\/wp\/v2\/users\/1"}],"replies":[{"embeddable":true,"href":"https:\/\/servauto.fr\/index.php\/wp-json\/wp\/v2\/comments?post=66"}],"version-history":[{"count":2,"href":"https:\/\/servauto.fr\/index.php\/wp-json\/wp\/v2\/pages\/66\/revisions"}],"predecessor-version":[{"id":175,"href":"https:\/\/servauto.fr\/index.php\/wp-json\/wp\/v2\/pages\/66\/revisions\/175"}],"wp:attachment":[{"href":"https:\/\/servauto.fr\/index.php\/wp-json\/wp\/v2\/media?parent=66"}],"curies":[{"name":"wp","href":"https:\/\/api.w.org\/{rel}","templated":true}]}}